{"id":33,"date":"2026-03-22T18:01:36","date_gmt":"2026-03-22T18:01:36","guid":{"rendered":"https:\/\/salsadancestudio.pl\/?page_id=33"},"modified":"2026-03-22T22:33:02","modified_gmt":"2026-03-22T22:33:02","slug":"strona-glowna","status":"publish","type":"page","link":"https:\/\/salsadancestudio.pl\/","title":{"rendered":"Salsa Dance Studio"},"content":{"rendered":"<p><img fetchpriority=\"high\" decoding=\"async\" width=\"1024\" height=\"576\" src=\"https:\/\/salsadancestudio.pl\/wp-content\/uploads\/2026\/03\/SALSA_Dance_Studio_logo_3C_Artboard-1-1024x576.png\" alt=\"\" srcset=\"https:\/\/salsadancestudio.pl\/wp-content\/uploads\/2026\/03\/SALSA_Dance_Studio_logo_3C_Artboard-1-1024x576.png 1024w, https:\/\/salsadancestudio.pl\/wp-content\/uploads\/2026\/03\/SALSA_Dance_Studio_logo_3C_Artboard-1-300x169.png 300w, https:\/\/salsadancestudio.pl\/wp-content\/uploads\/2026\/03\/SALSA_Dance_Studio_logo_3C_Artboard-1-768x432.png 768w, https:\/\/salsadancestudio.pl\/wp-content\/uploads\/2026\/03\/SALSA_Dance_Studio_logo_3C_Artboard-1-1536x864.png 1536w, https:\/\/salsadancestudio.pl\/wp-content\/uploads\/2026\/03\/SALSA_Dance_Studio_logo_3C_Artboard-1-2048x1152.png 2048w\" sizes=\"(max-width: 1024px) 100vw, 1024px\" \/>\t\t\t\t\t\t\t\t\t\t\t\t\t\t\t\t<\/p>\n<h2>Wi\u0119cej miejsca  na Twoj\u0105 pasj\u0119!<\/h2>\n<p>\t\t\t<iframe loading=\"lazy\"\n\t\t\t\t\tsrc=\"https:\/\/maps.google.com\/maps?q=Tuwima%202%2C%20D%C4%99bica&#038;t=m&#038;z=10&#038;output=embed&#038;iwloc=near\"\n\t\t\t\t\ttitle=\"Tuwima 2, D\u0119bica\"\n\t\t\t\t\taria-label=\"Tuwima 2, D\u0119bica\"\n\t\t\t><\/iframe><br \/>\n\t\t\t\t\t\t\t\t\t\t\t\t\t\t\t\t\t<img decoding=\"async\" width=\"768\" height=\"1024\" src=\"https:\/\/salsadancestudio.pl\/wp-content\/uploads\/2026\/03\/IMG_6917-768x1024.jpeg\" alt=\"\" srcset=\"https:\/\/salsadancestudio.pl\/wp-content\/uploads\/2026\/03\/IMG_6917-768x1024.jpeg 768w, https:\/\/salsadancestudio.pl\/wp-content\/uploads\/2026\/03\/IMG_6917-225x300.jpeg 225w, https:\/\/salsadancestudio.pl\/wp-content\/uploads\/2026\/03\/IMG_6917-1152x1536.jpeg 1152w, https:\/\/salsadancestudio.pl\/wp-content\/uploads\/2026\/03\/IMG_6917-1536x2048.jpeg 1536w, https:\/\/salsadancestudio.pl\/wp-content\/uploads\/2026\/03\/IMG_6917-scaled.jpeg 1920w\" sizes=\"(max-width: 768px) 100vw, 768px\" \/>\t\t\t\t\t\t\t\t\t\t\t\t\t<\/p>\n<p>Dwie przestrzenie.<\/p>\n<p>Dwie energie.<\/p>\n<p>Jedna spo\u0142eczno\u015b\u0107.<\/p>\n<p>Dzi\u0119kujemy, \u017ce jeste\u015bcie cz\u0119\u015bci\u0105 tej historii.<\/p>\n<p>Teraz piszemy j\u0105 podw\u00f3jnie.<\/p>\n<p>\t\t\t\t\t\t\t\t\t\t\t\t\t\t<a href=\"http:\/\/kolejowa.salsadancestudio.pl\"><br \/>\n\t\t\t\t\t\t\t<img decoding=\"async\" width=\"768\" height=\"1024\" src=\"https:\/\/salsadancestudio.pl\/wp-content\/uploads\/2026\/03\/IMG_5005-768x1024.jpeg\" alt=\"\" srcset=\"https:\/\/salsadancestudio.pl\/wp-content\/uploads\/2026\/03\/IMG_5005-768x1024.jpeg 768w, https:\/\/salsadancestudio.pl\/wp-content\/uploads\/2026\/03\/IMG_5005-225x300.jpeg 225w, https:\/\/salsadancestudio.pl\/wp-content\/uploads\/2026\/03\/IMG_5005-1152x1536.jpeg 1152w, https:\/\/salsadancestudio.pl\/wp-content\/uploads\/2026\/03\/IMG_5005-1536x2048.jpeg 1536w, https:\/\/salsadancestudio.pl\/wp-content\/uploads\/2026\/03\/IMG_5005-scaled.jpeg 1920w\" sizes=\"(max-width: 768px) 100vw, 768px\" \/>\t\t\t\t\t\t\t\t<\/a><br \/>\n\t\t\t<iframe loading=\"lazy\"\n\t\t\t\t\tsrc=\"https:\/\/maps.google.com\/maps?q=Kolejowa%2028%2C%20D%C4%99bica&#038;t=m&#038;z=10&#038;output=embed&#038;iwloc=near\"\n\t\t\t\t\ttitle=\"Kolejowa 28, D\u0119bica\"\n\t\t\t\t\taria-label=\"Kolejowa 28, D\u0119bica\"\n\t\t\t><\/iframe><\/p>\n<p>Kiedy wiele lat temu otwierali\u015bmy Salsa Dance Studio, mieli\u015bmy jedn\u0105 wizj\u0119 \u2013 stworzy\u0107 miejsce, w kt\u00f3rym ludzie b\u0119d\u0105 czuli si\u0119 dobrze.<\/p>\n<p>Dzi\u015b ta spo\u0142eczno\u015b\u0107 jest tak du\u017ca, \u017ce naturalnym krokiem sta\u0142 si\u0119 rozw\u00f3j.<\/p>\n<p>Dlatego otwieramy drug\u0105 lokalizacj\u0119 w centrum D\u0119bicy \u2013 przy ul. Kolejowej.<\/p>\n<p>Wi\u0119cej miejsca. Wi\u0119cej grup. Wi\u0119cej ta\u0144ca.<\/p>\n<p><strong>Niezale\u017cnie od tego, kt\u00f3r\u0105 przestrze\u0144 wybierzesz \u2014 jeste\u015b cz\u0119\u015bci\u0105 tej samej historii.<\/strong><\/p>\n<p><strong>Do zobaczenia na parkiecie.<\/strong><\/p>\n<h3><em><strong>Salsa Dance Studio Team<\/strong><\/em><\/h3>\n","protected":false},"excerpt":{"rendered":"<p>Wi\u0119cej miejsca na Twoj\u0105 pasj\u0119! Dwie przestrzenie. Dwie energie. Jedna spo\u0142eczno\u015b\u0107. Dzi\u0119kujemy, \u017ce jeste\u015bcie cz\u0119\u015bci\u0105 tej historii. Teraz piszemy j\u0105 [&hellip;]<\/p>\n","protected":false},"author":1,"featured_media":0,"parent":0,"menu_order":0,"comment_status":"closed","ping_status":"closed","template":"","meta":{"site-sidebar-layout":"no-sidebar","site-content-layout":"plain-container","ast-site-content-layout":"default","site-content-style":"default","site-sidebar-style":"default","ast-global-header-display":"","ast-banner-title-visibility":"","ast-main-header-display":"","ast-hfb-above-header-display":"","ast-hfb-below-header-display":"","ast-hfb-mobile-header-display":"","site-post-title":"","ast-breadcrumbs-content":"","ast-featured-img":"","footer-sml-layout":"","ast-disable-related-posts":"","theme-transparent-header-meta":"enabled","adv-header-id-meta":"","stick-header-meta":"","header-above-stick-meta":"","header-main-stick-meta":"","header-below-stick-meta":"","astra-migrate-meta-layouts":"default","ast-page-background-enabled":"default","ast-page-background-meta":{"desktop":{"background-color":"var(--ast-global-color-5)","background-image":"","background-repeat":"repeat","background-position":"center center","background-size":"auto","background-attachment":"scroll","background-type":"","background-media":"","overlay-type":"","overlay-color":"","overlay-opacity":"","overlay-gradient":""},"tablet":{"background-color":"","background-image":"","background-repeat":"repeat","background-position":"center center","background-size":"auto","background-attachment":"scroll","background-type":"","background-media":"","overlay-type":"","overlay-color":"","overlay-opacity":"","overlay-gradient":""},"mobile":{"background-color":"","background-image":"","background-repeat":"repeat","background-position":"center center","background-size":"auto","background-attachment":"scroll","background-type":"","background-media":"","overlay-type":"","overlay-color":"","overlay-opacity":"","overlay-gradient":""}},"ast-content-background-meta":{"desktop":{"background-color":"var(--ast-global-color-4)","background-image":"","background-repeat":"repeat","background-position":"center center","background-size":"auto","background-attachment":"scroll","background-type":"","background-media":"","overlay-type":"","overlay-color":"","overlay-opacity":"","overlay-gradient":""},"tablet":{"background-color":"var(--ast-global-color-4)","background-image":"","background-repeat":"repeat","background-position":"center center","background-size":"auto","background-attachment":"scroll","background-type":"","background-media":"","overlay-type":"","overlay-color":"","overlay-opacity":"","overlay-gradient":""},"mobile":{"background-color":"var(--ast-global-color-4)","background-image":"","background-repeat":"repeat","background-position":"center center","background-size":"auto","background-attachment":"scroll","background-type":"","background-media":"","overlay-type":"","overlay-color":"","overlay-opacity":"","overlay-gradient":""}},"footnotes":""},"class_list":["post-33","page","type-page","status-publish","hentry"],"_links":{"self":[{"href":"https:\/\/salsadancestudio.pl\/index.php?rest_route=\/wp\/v2\/pages\/33","targetHints":{"allow":["GET"]}}],"collection":[{"href":"https:\/\/salsadancestudio.pl\/index.php?rest_route=\/wp\/v2\/pages"}],"about":[{"href":"https:\/\/salsadancestudio.pl\/index.php?rest_route=\/wp\/v2\/types\/page"}],"author":[{"embeddable":true,"href":"https:\/\/salsadancestudio.pl\/index.php?rest_route=\/wp\/v2\/users\/1"}],"replies":[{"embeddable":true,"href":"https:\/\/salsadancestudio.pl\/index.php?rest_route=%2Fwp%2Fv2%2Fcomments&post=33"}],"version-history":[{"count":5,"href":"https:\/\/salsadancestudio.pl\/index.php?rest_route=\/wp\/v2\/pages\/33\/revisions"}],"predecessor-version":[{"id":75,"href":"https:\/\/salsadancestudio.pl\/index.php?rest_route=\/wp\/v2\/pages\/33\/revisions\/75"}],"wp:attachment":[{"href":"https:\/\/salsadancestudio.pl\/index.php?rest_route=%2Fwp%2Fv2%2Fmedia&parent=33"}],"curies":[{"name":"wp","href":"https:\/\/api.w.org\/{rel}","templated":true}]}}